{"id":23,"date":"2017-01-31T11:56:28","date_gmt":"2017-01-31T11:56:28","guid":{"rendered":"http:\/\/tv-mar.de\/?page_id=23"},"modified":"2025-05-29T10:04:37","modified_gmt":"2025-05-29T10:04:37","slug":"23-2","status":"publish","type":"page","link":"https:\/\/tv-mar.de\/?page_id=23","title":{"rendered":"Der Vorstand"},"content":{"rendered":"\n<h2 class=\"wp-block-heading\"><strong>Vorst\u00e4nde 2025\/202<\/strong>7<\/h2>\n\n\n\n<div class=\"wp-block-columns is-layout-flex wp-container-core-columns-is-layout-9d6595d7 wp-block-columns-is-layout-flex\">\n<div class=\"wp-block-column is-layout-flow wp-block-column-is-layout-flow\">\n<figure class=\"wp-block-image size-full is-resized\"><img decoding=\"async\" src=\"http:\/\/tv-mar.de\/wp-content\/uploads\/2022\/09\/Bild-NEU.jpg\" alt=\"\" class=\"wp-image-2576\" style=\"width:258px;height:auto\"\/><figcaption class=\"wp-element-caption\">Burkhard Wagner<\/figcaption><\/figure>\n<\/div>\n\n\n\n<div class=\"wp-block-column is-layout-flow wp-block-column-is-layout-flow\">\n<figure class=\"wp-block-image size-large\"><img loading=\"lazy\" decoding=\"async\" width=\"777\" height=\"1024\" src=\"http:\/\/tv-mar.de\/wp-content\/uploads\/2025\/05\/UNZ_Dagmar_Fotograf_Johann_Grillenbeck-777x1024.jpg\" alt=\"\" class=\"wp-image-3221\" srcset=\"https:\/\/tv-mar.de\/wp-content\/uploads\/2025\/05\/UNZ_Dagmar_Fotograf_Johann_Grillenbeck-777x1024.jpg 777w, https:\/\/tv-mar.de\/wp-content\/uploads\/2025\/05\/UNZ_Dagmar_Fotograf_Johann_Grillenbeck-228x300.jpg 228w, https:\/\/tv-mar.de\/wp-content\/uploads\/2025\/05\/UNZ_Dagmar_Fotograf_Johann_Grillenbeck-768x1012.jpg 768w, https:\/\/tv-mar.de\/wp-content\/uploads\/2025\/05\/UNZ_Dagmar_Fotograf_Johann_Grillenbeck-1165x1536.jpg 1165w, https:\/\/tv-mar.de\/wp-content\/uploads\/2025\/05\/UNZ_Dagmar_Fotograf_Johann_Grillenbeck-1554x2048.jpg 1554w, https:\/\/tv-mar.de\/wp-content\/uploads\/2025\/05\/UNZ_Dagmar_Fotograf_Johann_Grillenbeck-scaled.jpg 1942w\" sizes=\"auto, (max-width: 777px) 100vw, 777px\" \/><figcaption class=\"wp-element-caption\">Dr. Dagmar Unz<\/figcaption><\/figure>\n<\/div>\n\n\n\n<div class=\"wp-block-column is-layout-flow wp-block-column-is-layout-flow\">\n<figure class=\"wp-block-image size-full is-resized\"><img decoding=\"async\" src=\"http:\/\/tv-mar.de\/wp-content\/uploads\/2021\/12\/Christian_menig.jpg\" alt=\"\" class=\"wp-image-2392\" style=\"width:241px;height:auto\"\/><figcaption class=\"wp-element-caption\">Christian Menig<\/figcaption><\/figure>\n<\/div>\n<\/div>\n\n\n\n<hr class=\"wp-block-separator has-alpha-channel-opacity\"\/>\n\n\n\n<h2 class=\"wp-block-heading\">Mitgliederversammlung 2024<\/h2>\n\n\n\n<p><strong>Positive Bilanz bei der Jahreshauptversammlung des TV Marktheidenfeld<\/strong><strong><em><br>Vorstandschaft und Abteilungsleiter pr\u00e4sentierten einen R\u00fcckblick auf ein erfolgreiches Sportjahr<\/em><\/strong><\/p>\n\n\n\n<p>Die Hauptversammlung des TVM er\u00f6ffnete Vorstand Christian Menig mit der Begr\u00fc\u00dfung der anwesenden G\u00e4ste und einem Gedenken an die verstorbenen Vereinsmitglieder. Im Anschluss \u00fcberreichte Reinhold Schubert \u2013 Abteilung Leichtathletik \u2013 Urkunden an die Jugendlichen, die im letzten Jahr erfolgreich das Deutsche Sportabzeichen absolviert haben. Aus den 9 Abteilungen gab es vornehmlich Positives zu berichten. Die Abteilungsleiter blickten auf sportliche Erfolge, vielf\u00e4ltige Trainingsangebote und zahlreiche Veranstaltungen innerhalb und au\u00dferhalb des Vereins zur\u00fcck. Erfreulich ist der Mitgliederzuwachs bei den Turnern, den Basketballern, ebenso bei den Fu\u00dfballern, der dort durch den Aufbau eines Damenteams in Kooperation mit dem VFB Hafenlohr herr\u00fchrt. Dies bringt eine starke Belastung der Rasenpl\u00e4tze mit sich. Hier wurde ausdr\u00fccklich der Wunsch nach Trainingsm\u00f6glichkeiten an der Mittelschule und Kreissportanlage ge\u00e4u\u00dfert, der bisher nicht gew\u00e4hrt wird. Die Schwimmer blicken hoffnungsvoll auf die Entwicklungen beim Wonnemar, um f\u00fcr ihre aktiven Sportler ein professionelles Training gew\u00e4hrleisten zu k\u00f6nnen.<\/p>\n\n\n\n<p>Der Jahresr\u00fcckblick von Vorstand Burkhard Wagner konnte kurz ausfallen, da das Jahr 2023 solide war, ohne au\u00dfergew\u00f6hnliche oder negative Ereignisse. In welch privilegierter &nbsp;Situation sich der TVM durch den Besitz der eigenen Halle befindet, wurde deutlich, als die Schlie\u00dfung der Main-Spessart-Halle durch die Unterbringung von Gefl\u00fcchteten erfolgte. Es war eine Selbstverst\u00e4ndlichkeit, dass der Verein die Halle f\u00fcr den Sportunterricht der Realschule und des BNG zur Verf\u00fcgung stellte. Dies wird auch in den n\u00e4chsten Monaten, in denen die Mittelschule saniert wird, der Fall sein. Die intensive Nutzung der Halle brachte zus\u00e4tzliche Reinigungs- und Reparaturarbeiten mit sich und erforderte Toleranz aller Beteiligten. Wagner dankte allen, die sich f\u00fcr die Pflege und den Erhalt der Halle einsetzen.&nbsp;<\/p>\n\n\n\n<p>Die Bilanz des Finanz-Berichtes von Vorstand Bj\u00f6rn Gregor wies trotz hoher Energie- und Unterhaltskosten einen &nbsp;erfreulichen \u00dcberschuss f\u00fcr das Jahr 2023 auf. Diese R\u00fccklagen sind ein wichtiger Faktor f\u00fcr k\u00fcnftige Sanierungen wie beispielsweise der Heizungsanlage. Mit der die Ehrung langj\u00e4hriger Mitglieder endete die Versammlung.&nbsp;<em>(Gisela Reger, TVM)<\/em><\/p>\n\n\n\n<p><strong><u>25-j\u00e4hrige Mitgliedschaft in 2024<\/u><\/strong><strong>&nbsp;&nbsp;&nbsp;&nbsp;&nbsp;&nbsp;&nbsp;&nbsp;&nbsp;&nbsp;&nbsp;&nbsp;&nbsp;&nbsp;&nbsp;&nbsp;&nbsp;&nbsp;&nbsp;&nbsp;&nbsp;&nbsp;&nbsp;&nbsp;&nbsp; Ehrenzeichen in Silber<br><\/strong><br>Julius Albert, Angelika Baunach, Erika Beeck, Hannes Gerberich, Marion Gr\u00fcn, Elfriede Lang, Helga Nickola, Julian Redelbach, Stefan Reinhart, Andrea Sch\u00e4ffer, Christine Sperlich, Timucin S\u00fcl\u00fckc\u00fc, Mohamed Zayyan<\/p>\n\n\n\n<p><strong><u><br>40-j\u00e4hrige Mitgliedschaft in 2024<\/u><\/strong><strong>&nbsp;&nbsp;&nbsp;&nbsp;&nbsp;&nbsp;&nbsp;&nbsp;&nbsp;&nbsp;&nbsp;&nbsp;&nbsp;&nbsp;&nbsp;&nbsp;&nbsp;&nbsp;&nbsp;&nbsp;&nbsp;&nbsp;&nbsp;&nbsp;&nbsp; Ehrenzeichen in Gold<br><\/strong><br>Christian Brod, Karin Freund, Hans-Joachim Pfeiffer, Sven Pfister, Rainer Schubert<br><br><strong><u>50-j\u00e4hrige Mitgliedschaft in 2024<\/u>&nbsp;&nbsp;&nbsp;&nbsp;&nbsp;&nbsp;&nbsp;&nbsp;&nbsp;&nbsp;&nbsp;&nbsp;&nbsp;&nbsp;&nbsp;&nbsp;&nbsp;&nbsp;&nbsp;&nbsp;&nbsp;&nbsp;&nbsp;&nbsp;&nbsp; Ehrenzeichen in Gold<br><br><\/strong>Gerhard F\u00fcrst, Hans F\u00fcrst, Wolfgang Garei\u00df, Gunter Grein, Manfred Hentschel, Armin Hospes, Uwe K\u00f6nig, G\u00fcnter Staub, Horst Staub, Ernst Weissenberger, Arnold Wiesmann, Mathias Willer, Michael Z\u00f6ller<br><br><strong><u>60-j\u00e4hrige Mitgliedschaft in 2024<\/u>&nbsp;&nbsp;&nbsp;&nbsp;&nbsp;&nbsp;&nbsp;&nbsp;&nbsp;&nbsp;&nbsp;&nbsp;&nbsp;&nbsp;&nbsp;&nbsp;&nbsp;&nbsp;&nbsp;&nbsp;&nbsp;&nbsp;&nbsp;&nbsp;&nbsp; Urkunde mit Rahmen<br><\/strong>Karl Peter Heumann<br><br><strong><u>70-j\u00e4hrige Mitgliedschaft in 2024<\/u>&nbsp;&nbsp;&nbsp;&nbsp;&nbsp;&nbsp;&nbsp;&nbsp;&nbsp;&nbsp;&nbsp;&nbsp;&nbsp;&nbsp;&nbsp;&nbsp;&nbsp;&nbsp;&nbsp;&nbsp;&nbsp;&nbsp;&nbsp;&nbsp;&nbsp; Urkunde mit Rahmen<br><em>Gertrud Z\u00f6ller<\/em><\/strong><\/p>\n\n\n\n<figure class=\"wp-block-image\"><img loading=\"lazy\" decoding=\"async\" width=\"1024\" height=\"576\" src=\"http:\/\/tv-mar.de\/wp-content\/uploads\/2024\/04\/20240412_202847-1024x576.jpg\" alt=\"\" class=\"wp-image-3085\" srcset=\"https:\/\/tv-mar.de\/wp-content\/uploads\/2024\/04\/20240412_202847-1024x576.jpg 1024w, https:\/\/tv-mar.de\/wp-content\/uploads\/2024\/04\/20240412_202847-300x169.jpg 300w, https:\/\/tv-mar.de\/wp-content\/uploads\/2024\/04\/20240412_202847-768x432.jpg 768w, https:\/\/tv-mar.de\/wp-content\/uploads\/2024\/04\/20240412_202847-1536x864.jpg 1536w, https:\/\/tv-mar.de\/wp-content\/uploads\/2024\/04\/20240412_202847-2048x1152.jpg 2048w\" sizes=\"auto, (max-width: 1024px) 100vw, 1024px\" \/><\/figure>\n\n\n\n<p><em>Die Vorst\u00e4nde des TVM mit den geehrten Mitgliedern.\u2013 Foto: Katja Wagner-K\u00f6nig<\/em><\/p>\n\n\n\n<hr class=\"wp-block-separator has-alpha-channel-opacity\"\/>\n","protected":false},"excerpt":{"rendered":"<p>Vorst\u00e4nde 2025\/2027 Mitgliederversammlung 2024 Positive Bilanz bei der Jahreshauptversammlung des TV MarktheidenfeldVorstandschaft und Abteilungsleiter pr\u00e4sentierten einen R\u00fcckblick auf ein erfolgreiches Sportjahr Die Hauptversammlung des TVM er\u00f6ffnete Vorstand Christian Menig mit der Begr\u00fc\u00dfung der anwesenden G\u00e4ste und einem Gedenken an die verstorbenen Vereinsmitglieder. Im Anschluss \u00fcberreichte Reinhold Schubert \u2013 Abteilung Leichtathletik \u2013 Urkunden an die Jugendlichen, [&hellip;]<\/p>\n","protected":false},"author":1,"featured_media":0,"parent":0,"menu_order":0,"comment_status":"closed","ping_status":"closed","template":"","meta":{"footnotes":""},"class_list":["post-23","page","type-page","status-publish","hentry"],"_links":{"self":[{"href":"https:\/\/tv-mar.de\/index.php?rest_route=\/wp\/v2\/pages\/23","targetHints":{"allow":["GET"]}}],"collection":[{"href":"https:\/\/tv-mar.de\/index.php?rest_route=\/wp\/v2\/pages"}],"about":[{"href":"https:\/\/tv-mar.de\/index.php?rest_route=\/wp\/v2\/types\/page"}],"author":[{"embeddable":true,"href":"https:\/\/tv-mar.de\/index.php?rest_route=\/wp\/v2\/users\/1"}],"replies":[{"embeddable":true,"href":"https:\/\/tv-mar.de\/index.php?rest_route=%2Fwp%2Fv2%2Fcomments&post=23"}],"version-history":[{"count":23,"href":"https:\/\/tv-mar.de\/index.php?rest_route=\/wp\/v2\/pages\/23\/revisions"}],"predecessor-version":[{"id":3223,"href":"https:\/\/tv-mar.de\/index.php?rest_route=\/wp\/v2\/pages\/23\/revisions\/3223"}],"wp:attachment":[{"href":"https:\/\/tv-mar.de\/index.php?rest_route=%2Fwp%2Fv2%2Fmedia&parent=23"}],"curies":[{"name":"wp","href":"https:\/\/api.w.org\/{rel}","templated":true}]}}