{"id":52,"date":"2017-01-31T12:07:29","date_gmt":"2017-01-31T12:07:29","guid":{"rendered":"http:\/\/tv-mar.de\/?page_id=52"},"modified":"2026-03-26T14:50:30","modified_gmt":"2026-03-26T14:50:30","slug":"startseite","status":"publish","type":"page","link":"https:\/\/tv-mar.de\/","title":{"rendered":""},"content":{"rendered":"\n<figure class=\"wp-block-image size-large\"><img loading=\"lazy\" decoding=\"async\" width=\"1024\" height=\"724\" src=\"http:\/\/tv-mar.de\/wp-content\/uploads\/2026\/03\/warema_4000885_wb_warema-lauf-programmflyer_20260311_low_de-DE-1-1024x724.jpg\" alt=\"\" class=\"wp-image-3323\" srcset=\"https:\/\/tv-mar.de\/wp-content\/uploads\/2026\/03\/warema_4000885_wb_warema-lauf-programmflyer_20260311_low_de-DE-1-1024x724.jpg 1024w, https:\/\/tv-mar.de\/wp-content\/uploads\/2026\/03\/warema_4000885_wb_warema-lauf-programmflyer_20260311_low_de-DE-1-300x212.jpg 300w, https:\/\/tv-mar.de\/wp-content\/uploads\/2026\/03\/warema_4000885_wb_warema-lauf-programmflyer_20260311_low_de-DE-1-768x543.jpg 768w, https:\/\/tv-mar.de\/wp-content\/uploads\/2026\/03\/warema_4000885_wb_warema-lauf-programmflyer_20260311_low_de-DE-1-1536x1086.jpg 1536w, https:\/\/tv-mar.de\/wp-content\/uploads\/2026\/03\/warema_4000885_wb_warema-lauf-programmflyer_20260311_low_de-DE-1.jpg 1683w\" sizes=\"auto, (max-width: 1024px) 100vw, 1024px\" \/><\/figure>\n\n\n\n<figure class=\"wp-block-image size-large\"><img loading=\"lazy\" decoding=\"async\" width=\"1024\" height=\"724\" src=\"https:\/\/tv-mar.de\/wp-content\/uploads\/2026\/03\/warema_4000885_wb_warema-lauf-programmflyer_20260311_low_de-DE-2-1024x724.jpg\" alt=\"\" class=\"wp-image-3325\" srcset=\"https:\/\/tv-mar.de\/wp-content\/uploads\/2026\/03\/warema_4000885_wb_warema-lauf-programmflyer_20260311_low_de-DE-2-1024x724.jpg 1024w, https:\/\/tv-mar.de\/wp-content\/uploads\/2026\/03\/warema_4000885_wb_warema-lauf-programmflyer_20260311_low_de-DE-2-300x212.jpg 300w, https:\/\/tv-mar.de\/wp-content\/uploads\/2026\/03\/warema_4000885_wb_warema-lauf-programmflyer_20260311_low_de-DE-2-768x543.jpg 768w, https:\/\/tv-mar.de\/wp-content\/uploads\/2026\/03\/warema_4000885_wb_warema-lauf-programmflyer_20260311_low_de-DE-2-1536x1086.jpg 1536w, https:\/\/tv-mar.de\/wp-content\/uploads\/2026\/03\/warema_4000885_wb_warema-lauf-programmflyer_20260311_low_de-DE-2.jpg 1683w\" sizes=\"auto, (max-width: 1024px) 100vw, 1024px\" \/><\/figure>\n\n\n\n<hr class=\"wp-block-separator has-alpha-channel-opacity\"\/>\n\n\n\n<figure class=\"wp-block-image size-large\"><img loading=\"lazy\" decoding=\"async\" width=\"724\" height=\"1024\" src=\"https:\/\/tv-mar.de\/wp-content\/uploads\/2026\/02\/Einladung-Mitgliederversammlung2026-1-724x1024.jpg\" alt=\"\" class=\"wp-image-3318\" srcset=\"https:\/\/tv-mar.de\/wp-content\/uploads\/2026\/02\/Einladung-Mitgliederversammlung2026-1-724x1024.jpg 724w, https:\/\/tv-mar.de\/wp-content\/uploads\/2026\/02\/Einladung-Mitgliederversammlung2026-1-212x300.jpg 212w, https:\/\/tv-mar.de\/wp-content\/uploads\/2026\/02\/Einladung-Mitgliederversammlung2026-1-768x1086.jpg 768w, https:\/\/tv-mar.de\/wp-content\/uploads\/2026\/02\/Einladung-Mitgliederversammlung2026-1-1087x1536.jpg 1087w, https:\/\/tv-mar.de\/wp-content\/uploads\/2026\/02\/Einladung-Mitgliederversammlung2026-1.jpg 1240w\" sizes=\"auto, (max-width: 724px) 100vw, 724px\" \/><\/figure>\n\n\n\n<hr class=\"wp-block-separator has-alpha-channel-opacity\"\/>\n\n\n\n<h1 class=\"wp-block-heading has-text-align-center\">Wichtige Informationen zu K\u00fcndigungen und Abteilungswechsel<\/h1>\n\n\n\n<p class=\"has-text-align-center\">K\u00fcndigungen sind nur g\u00fcltig, wenn sie der Gesch\u00e4ftsstelle schriftlich oder per Mail unter Einhaltung der K\u00fcndigungsfrist zugehen!<\/p>\n\n\n\n<p class=\"has-text-align-center\">Abteilungswechsel m\u00fcssen der Gesch\u00e4ftsstelle gemeldet werden!  info@tv-mar.de<strong> <\/strong><\/p>\n\n\n\n<hr class=\"wp-block-separator has-alpha-channel-opacity\"\/>\n\n\n\n<figure class=\"wp-block-image size-large\"><img loading=\"lazy\" decoding=\"async\" width=\"887\" height=\"1024\" src=\"http:\/\/tv-mar.de\/wp-content\/uploads\/2025\/05\/Zeitungsbericht_ME-887x1024.jpg\" alt=\"\" class=\"wp-image-3215\" srcset=\"https:\/\/tv-mar.de\/wp-content\/uploads\/2025\/05\/Zeitungsbericht_ME-887x1024.jpg 887w, https:\/\/tv-mar.de\/wp-content\/uploads\/2025\/05\/Zeitungsbericht_ME-260x300.jpg 260w, https:\/\/tv-mar.de\/wp-content\/uploads\/2025\/05\/Zeitungsbericht_ME-768x887.jpg 768w, https:\/\/tv-mar.de\/wp-content\/uploads\/2025\/05\/Zeitungsbericht_ME-1331x1536.jpg 1331w, https:\/\/tv-mar.de\/wp-content\/uploads\/2025\/05\/Zeitungsbericht_ME.jpg 1774w\" sizes=\"auto, (max-width: 887px) 100vw, 887px\" \/><\/figure>\n\n\n\n<hr class=\"wp-block-separator has-alpha-channel-opacity\"\/>\n\n\n\n<figure class=\"wp-block-image\"><img loading=\"lazy\" decoding=\"async\" width=\"1181\" height=\"1251\" src=\"http:\/\/tv-mar.de\/wp-content\/uploads\/2024\/06\/Einladung-SPORT-1.jpg\" alt=\"\" class=\"wp-image-3093\" srcset=\"https:\/\/tv-mar.de\/wp-content\/uploads\/2024\/06\/Einladung-SPORT-1.jpg 1181w, https:\/\/tv-mar.de\/wp-content\/uploads\/2024\/06\/Einladung-SPORT-1-283x300.jpg 283w, https:\/\/tv-mar.de\/wp-content\/uploads\/2024\/06\/Einladung-SPORT-1-967x1024.jpg 967w, https:\/\/tv-mar.de\/wp-content\/uploads\/2024\/06\/Einladung-SPORT-1-768x814.jpg 768w\" sizes=\"auto, (max-width: 1181px) 100vw, 1181px\" \/><\/figure>\n\n\n\n<figure class=\"wp-block-image size-large\"><img loading=\"lazy\" decoding=\"async\" width=\"967\" height=\"1024\" src=\"http:\/\/tv-mar.de\/wp-content\/uploads\/2024\/06\/Einladung-SPORT-2-967x1024.jpg\" alt=\"\" class=\"wp-image-3096\" srcset=\"https:\/\/tv-mar.de\/wp-content\/uploads\/2024\/06\/Einladung-SPORT-2-967x1024.jpg 967w, https:\/\/tv-mar.de\/wp-content\/uploads\/2024\/06\/Einladung-SPORT-2-283x300.jpg 283w, https:\/\/tv-mar.de\/wp-content\/uploads\/2024\/06\/Einladung-SPORT-2-768x814.jpg 768w, https:\/\/tv-mar.de\/wp-content\/uploads\/2024\/06\/Einladung-SPORT-2.jpg 1181w\" sizes=\"auto, (max-width: 967px) 100vw, 967px\" \/><\/figure>\n\n\n\n<p><\/p>\n\n\n\n<p><\/p>\n\n\n\n<figure class=\"wp-block-gallery has-nested-images columns-default is-cropped wp-block-gallery-1 is-layout-flex wp-block-gallery-is-layout-flex\"><\/figure>\n\n\n\n<figure class=\"wp-block-gallery has-nested-images columns-default is-cropped wp-block-gallery-2 is-layout-flex wp-block-gallery-is-layout-flex\"><\/figure>\n","protected":false},"excerpt":{"rendered":"<p>Wichtige Informationen zu K\u00fcndigungen und Abteilungswechsel K\u00fcndigungen sind nur g\u00fcltig, wenn sie der Gesch\u00e4ftsstelle schriftlich oder per Mail unter Einhaltung der K\u00fcndigungsfrist zugehen! Abteilungswechsel m\u00fcssen der Gesch\u00e4ftsstelle gemeldet werden! info@tv-mar.de<\/p>\n","protected":false},"author":1,"featured_media":0,"parent":0,"menu_order":0,"comment_status":"closed","ping_status":"closed","template":"","meta":{"footnotes":""},"class_list":["post-52","page","type-page","status-publish","hentry"],"_links":{"self":[{"href":"https:\/\/tv-mar.de\/index.php?rest_route=\/wp\/v2\/pages\/52","targetHints":{"allow":["GET"]}}],"collection":[{"href":"https:\/\/tv-mar.de\/index.php?rest_route=\/wp\/v2\/pages"}],"about":[{"href":"https:\/\/tv-mar.de\/index.php?rest_route=\/wp\/v2\/types\/page"}],"author":[{"embeddable":true,"href":"https:\/\/tv-mar.de\/index.php?rest_route=\/wp\/v2\/users\/1"}],"replies":[{"embeddable":true,"href":"https:\/\/tv-mar.de\/index.php?rest_route=%2Fwp%2Fv2%2Fcomments&post=52"}],"version-history":[{"count":266,"href":"https:\/\/tv-mar.de\/index.php?rest_route=\/wp\/v2\/pages\/52\/revisions"}],"predecessor-version":[{"id":3328,"href":"https:\/\/tv-mar.de\/index.php?rest_route=\/wp\/v2\/pages\/52\/revisions\/3328"}],"wp:attachment":[{"href":"https:\/\/tv-mar.de\/index.php?rest_route=%2Fwp%2Fv2%2Fmedia&parent=52"}],"curies":[{"name":"wp","href":"https:\/\/api.w.org\/{rel}","templated":true}]}}